{"id":233,"date":"2024-03-14T10:46:02","date_gmt":"2024-03-14T10:46:02","guid":{"rendered":"https:\/\/preview.desertthemes.com\/newsmunch\/lite\/blog-2\/"},"modified":"2025-06-24T23:07:11","modified_gmt":"2025-06-24T16:07:11","slug":"blog-2","status":"publish","type":"page","link":"https:\/\/shopsizu.com\/index.php\/blog-2\/","title":{"rendered":"Gi\u1edbi Thi\u1ec7u"},"content":{"rendered":"\n<ul class=\"wp-block-list\">\n<li>Thu Acc Poke \u0110\u1ea1i Chi\u1ebfn C\u00e1c Lo\u1ea1i <\/li>\n\n\n\n<li>Acc B\u00e1n Ra C\u00f3 3 H\u00ecnh Th\u1ee9c :<\/li>\n<\/ul>\n\n\n\n<blockquote class=\"wp-block-quote is-style-plain is-layout-flow wp-block-quote-is-layout-flow\">\n<blockquote class=\"wp-block-quote is-layout-flow wp-block-quote-is-layout-flow\">\n<p>Tr\u1eafng Th\u00f4ng Tin ( Ch\u01b0a Li\u00ean K\u1ebft Mail )<\/p>\n\n\n\n<p>Mail \u1ea2o ( Li\u00ean K\u1ebft Mail Nh\u01b0ng Mail N\u00e0y Kh\u00f4ng T\u1ed3n T\u1ea1i , Kh\u00f4ng \u0110\u0103ng K\u00fd \u0110\u01b0\u1ee3c )<\/p>\n\n\n\n<p>Full Th\u00f4ng Tin ( Li\u00ean K\u1ebft Mail , Giao Mail Li\u00ean K\u1ebft )<\/p>\n<\/blockquote>\n<\/blockquote>\n\n\n\n<ul class=\"wp-block-list\">\n<li>L\u01b0u \u00dd Tr\u00e1nh G\u1eb7p Gi\u1ea3 M\u1ea1o : M\u00ecnh Kh\u00f4ng Bao Gi\u1edd Nh\u1eafn Tin Tr\u01b0\u1edbc Cho C\u00e1c B\u1ea1n , Khi C\u00f3 Nhu C\u1ea7u Ch\u1ee7 \u0110\u1ed9ng Nh\u1eafn Tin Tr\u01b0\u1edbc Gi\u00fap M\u00ecnh !<\/li>\n<\/ul>\n","protected":false},"excerpt":{"rendered":"","protected":false},"author":1,"featured_media":0,"parent":0,"menu_order":0,"comment_status":"closed","ping_status":"closed","template":"","meta":{"footnotes":""},"class_list":["post-233","page","type-page","status-publish","hentry"],"_links":{"self":[{"href":"https:\/\/shopsizu.com\/index.php\/wp-json\/wp\/v2\/pages\/233","targetHints":{"allow":["GET"]}}],"collection":[{"href":"https:\/\/shopsizu.com\/index.php\/wp-json\/wp\/v2\/pages"}],"about":[{"href":"https:\/\/shopsizu.com\/index.php\/wp-json\/wp\/v2\/types\/page"}],"author":[{"embeddable":true,"href":"https:\/\/shopsizu.com\/index.php\/wp-json\/wp\/v2\/users\/1"}],"replies":[{"embeddable":true,"href":"https:\/\/shopsizu.com\/index.php\/wp-json\/wp\/v2\/comments?post=233"}],"version-history":[{"count":3,"href":"https:\/\/shopsizu.com\/index.php\/wp-json\/wp\/v2\/pages\/233\/revisions"}],"predecessor-version":[{"id":321,"href":"https:\/\/shopsizu.com\/index.php\/wp-json\/wp\/v2\/pages\/233\/revisions\/321"}],"wp:attachment":[{"href":"https:\/\/shopsizu.com\/index.php\/wp-json\/wp\/v2\/media?parent=233"}],"curies":[{"name":"wp","href":"https:\/\/api.w.org\/{rel}","templated":true}]}}